{"id":360,"date":"2020-01-04T20:54:20","date_gmt":"2020-01-04T20:54:20","guid":{"rendered":"http:\/\/allensteinlegal.com\/?page_id=360"},"modified":"2024-08-08T11:56:09","modified_gmt":"2024-08-08T11:56:09","slug":"impressum","status":"publish","type":"page","link":"https:\/\/www.allenstein.de\/?page_id=360","title":{"rendered":"Impressum"},"content":{"rendered":"<p><a data-id-d=\"1\" data-img-style=\"\"><img loading=\"lazy\" decoding=\"async\" src=\"https:\/\/www.allenstein.de\/wp-content\/uploads\/2018\/09\/Logotransparent.gif\" height=\"190\" width=\"600\" alt=\"\" style=\"\"><\/img><\/a><\/p>\n<h2>\u200b\u200bImpressum<\/h2>\n<h2><em><span style=\"color: var(--tcb-color-6);\">verantwortlich f\u00fcr die eigenen Inhalte auf dieser Webseite und Inhaber der Domain<\/span><\/em><\/h2>\n<p style=\"text-align: left;\">Rechtsanwalt Markus R. Allenstein<\/p>\n<p style=\"text-align: left;\">Schillerstra\u00dfe 5<\/p>\n<p style=\"text-align: left;\">10625 Berlin (Charlottenburg)<\/p>\n<p style=\"text-align: left;\">Telefon <a href=\"tel:+49%2030%2041745118\" dir=\"ltr\" style=\"color: currentcolor; outline: none;\" x-apple-data-detectors=\"true\" x-apple-data-detectors-type=\"telephone\" x-apple-data-detectors-result=\"0\/2\">+49 30 41745118<\/a><\/p>\n<p style=\"text-align: left;\">E-Mail impressum @ allenstein.de<\/p>\n<p style=\"text-align: left;\">UStID DE <a href=\"tel:186712320\" dir=\"ltr\" style=\"color: currentcolor; outline: none;\" x-apple-data-detectors=\"true\" x-apple-data-detectors-type=\"telephone\" x-apple-data-detectors-result=\"0\/4\">186712320<\/a><\/p>\n<h4><strong>Beruf und Berufsrecht<\/strong><\/h4>\n<p style=\"font-size: 14px !important;\">Die gesetzliche Berufsbezeichnung Rechtsanwalt wurde in der Bundesrepublik Deutschland (Berlin) erworben. Ich bin Mitglied der Rechtsanwaltskammer Berlin, Littenstra\u00dfe 9, 10179 Berlin.<\/p>\n<p style=\"font-size: 14px !important;\">Die berufsrechtlichen Regelungen sind im wesentlichen im Rechtsdienstleistungsgesetz, in der Bundesrechtsanwaltsordnung, in der Berufsordnung, in der Fachanwaltsordnung, im Rechtsanwaltsverg\u00fctungsgesetz sowie im Gesetz \u00fcber die T\u00e4tigkeit europ\u00e4ischer Rechtsanw\u00e4lte in Deutschland und den Berufsregeln der europ\u00e4ischen Rechtsanw\u00e4lte niedergelegt. Weitere Regeln mit Auswirkungen auf die Berufsaus\u00fcbung enth\u00e4lt des Geldw\u00e4schebek\u00e4mpfungsgesetz. Einsicht in die berufsrechtlichen Vorschriften gew\u00e4hrt die zust\u00e4ndige Rechtsanwaltskammer Berlin oder die Bundesrechtsanwaltskammer unter www.brak.de.<\/p>\n<h4><strong>Hinweis zum Verbraucherstreit-beilegungsgesetz<\/strong><\/h4>\n<p style=\"font-size: 14px !important;\">Nach dem Verbraucherstreitbeilegungsgesetz ist der Rechtsanwalt als Dienstleistungserbringer gesetzlich verpflichtet, den Mandanten als Dienstleistungsempf\u00e4nger, soweit er Verbraucher ist, gem\u00e4\u00df \u00a7 36 VSBG \u00fcber die zust\u00e4ndige Verbraucherschlichtungsstelle zu informieren: F\u00fcr verm\u00f6gensrechtliche Streitigkeiten aus dem Mandatsverh\u00e4ltnis ist die Schlichtungsstelle der Rechtsanwaltschaft, Neue Gr\u00fcnstra\u00dfe 17, 10179 Berlin, www.s-d-r.org, zust\u00e4ndig.Eine Bereitschaft zur Teilnahme an Streitbeilegungsverfahren bei der Schlichtungsstelle besteht nicht.Nach dem Verbraucherstreitbeilegungsgesetz ist der Rechtsanwalt als Dienstleistungserbringer gesetzlich verpflichtet, den Mandanten als Dienstleistungsempf\u00e4nger, soweit er Verbraucher ist, gem\u00e4\u00df \u00a7 37 VSBG f\u00fcr den Fall, da\u00df eine Streitigkeit nicht beigelegt werden kann, auf die zust\u00e4ndige Verbraucherschlichtungsstelle hinzuweisen:F\u00fcr verm\u00f6gensrechtliche Streitigkeiten aus dem Mandatsverh\u00e4ltnis ist die Schlichtungsstelle der Rechtsanwaltschaft, Neue Gr\u00fcnstra\u00dfe 17, 10179 Berlin, www.s-d-r.org, zust\u00e4ndig. Eine Bereitschaft zur Teilnahme an Streitbeilegungsverfahren bei der Schlichtungsstelle besteht nicht.<\/p>\n<h4><strong>Hinweis zur ODR-Verordnung<\/strong><\/h4>\n<p style=\"font-size: 14px !important;\">In der Europ\u00e4ischen Union niedergelassene Unternehmer, die Online-Kaufvertr\u00e4ge oder Online-Dienstleistungsvertr\u00e4ge eingehen und in der Union niedergelassene Online-Marktpl\u00e4tze stellen auf ihren Websites einen Link zur OS-Plattform ein. Dieser Link muss f\u00fcr Verbraucher leicht zug\u00e4nglich sein. In der Union niedergelassene Unternehmer, die Online-Kaufvertr\u00e4ge oder Online-Dienstleistungsvertr\u00e4ge eingehen, m\u00fcssen zudem Ihre E-Mail-Adressen angeben. Die Adresse der Plattform der EU zur au\u00dfergerichtlichen Streitbeilegung lautet: https:\/\/ec.europa.eu\/consumers\/odr\/main\/. Eine Bereitschaft zur Teilnahme an der Online-Streitbeilegung besteht nicht.<\/p>\n<p style=\"font-size: 14px !important;\">\n<h2>Kontakt<\/h2>\n<p>Wenn Sie rechtlichen oder steuerlichen Rat ben\u00f6tigen, kontaktieren Sie die Kanzlei Rechtsanwalt Allenstein in Berlin (Charlottenburg).<\/p>\n<\/p>\n<p><strong>Markus Roland Allenstein <\/strong>Rechtsanwalt<\/p>\n<p>Fachanwalt f\u00fcr Steuerrecht<\/p>\n<\/p>\n<p>Schillerstra\u00dfe 5<\/p>\n<p>10625 Berlin (Charlottenburg)<\/p>\n<\/p>\n<p style=\"font-size: 14px !important;\">Fon <a href=\"tel:+49%2030%2041745118\" dir=\"ltr\" style=\"color: currentcolor; outline: none;\" x-apple-data-detectors=\"true\" x-apple-data-detectors-type=\"telephone\" x-apple-data-detectors-result=\"10\/0\">+49 30 41745118<\/a><\/p>\n<p style=\"font-size: 14px !important;\">Fax <a href=\"tel:+49%2030%2041745119\" dir=\"ltr\" style=\"color: currentcolor; outline: none;\" x-apple-data-detectors=\"true\" x-apple-data-detectors-type=\"telephone\" x-apple-data-detectors-result=\"10\/1\">+49 30 41745119<\/a><\/p>\n<p style=\"font-size: 14px !important;\">Mail rechtsanwalt@allenstein.de<\/p>\n<p>\u00a9 2024 Rechtsanwalt Allenstein &nbsp; &nbsp;<\/p>\n<p><a href=\"http:\/\/www.allenstein.de\/?page_id=360\" style=\"outline: currentcolor none medium;\">Impressum<\/a><\/p>\n<p><a href=\"http:\/\/www.allenstein.de\/?page_id=354\" style=\"outline: none;\">Datenschutz<\/a><\/p>\n","protected":false},"excerpt":{"rendered":"<p>\u200b\u200bImpressum verantwortlich f\u00fcr die eigenen Inhalte auf dieser Webseite und Inhaber der Domain Rechtsanwalt Markus R. Allenstein Schillerstra\u00dfe 5 10625 Berlin (Charlottenburg) Telefon +49 30 41745118 E-Mail impressum @ allenstein.de UStID DE 186712320 Beruf und Berufsrecht Die gesetzliche Berufsbezeichnung Rechtsanwalt wurde in der Bundesrepublik Deutschland (Berlin) erworben. Ich bin Mitglied der Rechtsanwaltskammer Berlin, Littenstra\u00dfe 9,&#8230;<\/p>\n","protected":false},"author":1,"featured_media":0,"parent":0,"menu_order":0,"comment_status":"closed","ping_status":"closed","template":"","meta":{"footnotes":""},"class_list":["post-360","page","type-page","status-publish","hentry"],"_links":{"self":[{"href":"https:\/\/www.allenstein.de\/index.php?rest_route=\/wp\/v2\/pages\/360"}],"collection":[{"href":"https:\/\/www.allenstein.de\/index.php?rest_route=\/wp\/v2\/pages"}],"about":[{"href":"https:\/\/www.allenstein.de\/index.php?rest_route=\/wp\/v2\/types\/page"}],"author":[{"embeddable":true,"href":"https:\/\/www.allenstein.de\/index.php?rest_route=\/wp\/v2\/users\/1"}],"replies":[{"embeddable":true,"href":"https:\/\/www.allenstein.de\/index.php?rest_route=%2Fwp%2Fv2%2Fcomments&post=360"}],"version-history":[{"count":28,"href":"https:\/\/www.allenstein.de\/index.php?rest_route=\/wp\/v2\/pages\/360\/revisions"}],"predecessor-version":[{"id":629,"href":"https:\/\/www.allenstein.de\/index.php?rest_route=\/wp\/v2\/pages\/360\/revisions\/629"}],"wp:attachment":[{"href":"https:\/\/www.allenstein.de\/index.php?rest_route=%2Fwp%2Fv2%2Fmedia&parent=360"}],"curies":[{"name":"wp","href":"https:\/\/api.w.org\/{rel}","templated":true}]}}