{"id":76,"date":"2018-09-16T16:24:17","date_gmt":"2018-09-16T16:24:17","guid":{"rendered":"http:\/\/allensteinlegal.com\/?page_id=76"},"modified":"2024-08-08T12:02:41","modified_gmt":"2024-08-08T12:02:41","slug":"steuerrecht","status":"publish","type":"page","link":"https:\/\/www.allenstein.de\/?page_id=76","title":{"rendered":"Steuerrecht"},"content":{"rendered":"<p><a data-id-d=\"1\" data-img-style=\"\"><img loading=\"lazy\" decoding=\"async\" src=\"https:\/\/www.allenstein.de\/wp-content\/uploads\/2018\/09\/Logotransparent.gif\" height=\"190\" width=\"600\" alt=\"\" style=\"\"><\/img><\/a><\/p>\n<h1><span style=\"font-weight: 400; font-family: &quot;Great Vibes&quot;;\"><\/span>Steuerrecht<\/h1>\n<p>Buchf\u00fchrung, Finanzamt und Mehr&#8230;<\/p>\n<\/p>\n<h2>Steuerrecht <em><span style=\"color: var(--tcb-color-6);\">in Berlin (Charlottenburg)<\/span><\/em><\/h2>\n<p>Die rechtliche Gestaltung hat erhebliche Auswirkungen auf die steuerlichen Belange des Unternehmens. Fehleinsch\u00e4tzungen, Unaufmerksamkeiten oder echte Fehler k\u00f6nnen gravierende Auswirkungen auf die steuerliche Belastung des Unternehmens oder Unternehmers haben. Korrekturen der zivilrechtlichen Gestaltung mit dem Ziel der Reparatur nicht ber\u00fccksichtigter steuerlicher Folgen k\u00f6nnen erneut unerw\u00fcnschte steuerliche Wirkungen haben. Wichtig ist es daher, rechtzeitig vor der Umsetzung zivilrechtlicher Ver\u00e4nderungen Rat einzuholen.<\/p>\n<p><span style=\"width: 100%;\"><img loading=\"lazy\" decoding=\"async\" title=\"bild12\" style=\"\" alt=\"\" src=\"\/\/allensteinlegal.com\/wp-content\/uploads\/2020\/01\/bild12.jpg\" data-id=\"310\" mt-d=\"0\" ml-d=\"-1\" width=\"107\" height=\"80\"><\/span><\/p>\n<h4><strong>Gestaltende Beratung<\/strong><\/h4>\n<p>Die rechtliche Gestaltung privater und gesch\u00e4ftlicher Vorg\u00e4nge &#8211; etwa Verm\u00f6gensverschiebungen, Transfer ins Ausland oder aus dem Ausland, Nachfolgeregelungen zu Lebzeiten &#8211; bedingt unweigerlich steuerliche Folgen. Rechtsanwalt Allenstein ber\u00e4t Sie \u00fcber die steuerlichen Folgen zivilrechtlicher Gestaltungen und hilft Ihnen dabei, Grundstatzenstscheidungen privater oder gesch\u00e4ftlicher Natur zur rechten Zeit im gewollten Umfang zu treffen.<\/p>\n<\/p>\n<p>Bei der Gr\u00fcndung oder Entwicklung Ihres Unternehmens unterst\u00fctzt Rechtsanwalt Allenstein Sie bei der Auswahl einer geeigneten Rechtsform. Er kl\u00e4rt Sie dar\u00fcber auf, wie Sie Beteiligungen an Ihrem Unternehmen oder eigene Beteiligungen an Unternehmen Dritter steuerlich gestalten k\u00f6nnen.<\/p>\n<\/p>\n<p>Rechtsanwalt Allenstein ber\u00e4t Sie bei der steuerorientierten Umschichtung von Verm\u00f6genswerten zwischen der privaten und betrieblichen Sph\u00e4re. Er zeigt Ihnen auf, wie Sie Ihre Verm\u00f6gensnachfolge zu Lebzeiten gestalten k\u00f6nnen und er hilft Ihnen im Erbfall bei der Erbauseinandersetzung.<\/p>\n<p><span style=\"width: 100%;\"><img loading=\"lazy\" decoding=\"async\" title=\"bild5\" style=\"\" alt=\"\" src=\"\/\/allensteinlegal.com\/wp-content\/uploads\/2020\/01\/bild5.jpg\" data-id=\"312\" mt-d=\"0\" ml-d=\"-1\" width=\"107\" height=\"80\"><\/span><\/p>\n<h4><strong>Steuerstrafrecht<\/strong><\/h4>\n<p style=\"font-size: 14px !important;\">Rechtsanwalt Allenstein kl\u00e4rt Sie dar\u00fcber auf, ob und wann f\u00fcr Sie eine Selbstanzeige in Betracht kommt oder sogar anzuraten ist. Er verteidigt Sie im steuerstrafrechtlichen Ermittlungsverfahren und im Strafverfahren. Rechtsanwalt Allenstein leistet Unterst\u00fctzung, wenn Sie mit der Steuerfahndung in Ber\u00fchrung kommen.<\/p>\n<p><span style=\"width: 100%;\"><img loading=\"lazy\" decoding=\"async\" title=\"bild8\" style=\"\" alt=\"\" src=\"\/\/allensteinlegal.com\/wp-content\/uploads\/2020\/01\/bild8.jpg\" data-id=\"311\" mt-d=\"0\" ml-d=\"-1\" width=\"107\" height=\"80\"><\/span><\/p>\n<h4><strong>Steuerliche Vertretung<\/strong><\/h4>\n<p style=\"font-size: 14px !important;\">Rechtsanwalt Allenstein vertritt Sie gegen\u00fcber dem Finanzamt im Erhebungsverfahren und f\u00fchrt Rechtsmittelverfahren f\u00fcr Sie vor dem Finanzamt durch. Er begleitet und unterst\u00fctzt Sie bei Betriebspr\u00fcfungen. Rechtsanwalt Allenstein f\u00fchrt f\u00fcr Sie finanzgerichtliche und verwaltungsgerichtliche Proze\u00dfverfahren.<\/p>\n<p><span style=\"width: 100%;\"><img loading=\"lazy\" decoding=\"async\" title=\"bild9alt\" style=\"\" alt=\"\" src=\"\/\/allensteinlegal.com\/wp-content\/uploads\/2020\/01\/bild9alt.jpg\" data-id=\"313\" mt-d=\"0\" ml-d=\"-1\" width=\"107\" height=\"80\"><\/span><\/p>\n<h4><strong>Verhaltensempfehlung bei Erscheinen der Streuerfahndung<\/strong><\/h4>\n<ul>\n<li style=\"font-size: 14px !important;\">Keine Hektik aufkommen lassen. Nerv\u00f6se Reaktionen versch\u00e4rfen die Atmosph\u00e4re und schaden Ihnen.<\/li>\n<li style=\"font-size: 14px !important;\">Schweigen. Gegen Sie wird ermittelt &#8211; Sie m\u00fcssen zur Sache nichts sagen.<\/li>\n<li style=\"font-size: 14px !important;\">Nichts freiwillig herausgeben. Die Steuerfahndung mu\u00df dann beschlagnahmen, was sie mitnehmen will. Gegen die Beschlagnahme k\u00f6nnen Rechtsmittel eingelegt werden.<\/li>\n<li style=\"font-size: 14px !important;\">Schnellstm\u00f6glich einen Verteidiger hinzuziehen. Dies darf Ihnen nicht verwehrt werden.<\/li>\n<\/ul>\n<p><span style=\"width: 100%;\"><img loading=\"lazy\" decoding=\"async\" title=\"062A8325\" style=\"\" alt=\"\" src=\"\/\/allensteinlegal.com\/wp-content\/uploads\/2020\/01\/062A8325-scaled.jpg\" data-id=\"304\" width=\"1707\" height=\"2560\"><\/span>Rechtsanwalt und Fachanwalt f\u00fcr Steuerrecht<span style=\"font-family: Times New Roman,Times,serif;\">Markus Roland Allenstein<\/span><\/p>\n<ul>\n<li>Studium an der Freien Universit\u00e4t Berlin mit Schwerpunkt im Gesellschaftsrecht, Steuerrecht und Bilanzrecht<\/li>\n<li>Referendariat im Bezirk des Kammergerichts Berlin mit Stationen bei der Deutschen Bank AG und beim Bundeskartellamt<\/li>\n<li>Selbst\u00e4ndiger Rechtsanwalt mit wirtschafts- und zivilrechtlicher Ausrichtung seit 1997<\/li>\n<li>Fachanwalt f\u00fcr Steuerrecht in Berlin (Charlottenburg)<\/li>\n<li>Lehrbeauftragter an der Hochschule f\u00fcr Wirtschaft und Recht in Berlin f\u00fcr mehrere Jahre<\/li>\n<\/ul>\n<h2>Kontakt<\/h2>\n<p>Wenn Sie rechtlichen oder steuerlichen Rat ben\u00f6tigen, kontaktieren Sie die Kanzlei Rechtsanwalt Allenstein in Berlin (Charlottenburg).<\/p>\n<\/p>\n<p><strong>Markus Roland Allenstein <\/strong>Rechtsanwalt<\/p>\n<p>Fachanwalt f\u00fcr Steuerrecht<\/p>\n<\/p>\n<p>Schillerstra\u00dfe 5<\/p>\n<p>10625 Berlin (Charlottenburg)<\/p>\n<\/p>\n<p style=\"font-size: 14px !important;\">Fon <a href=\"tel:+49%2030%2041745118\" dir=\"ltr\" style=\"color: currentcolor; text-decoration-color: rgba(128, 128, 128, 0.38); outline: none;\" x-apple-data-detectors=\"true\" x-apple-data-detectors-type=\"telephone\" x-apple-data-detectors-result=\"3\/0\">+49 30 41745118<\/a><\/p>\n<p style=\"font-size: 14px !important;\">Fax <a href=\"tel:+49%2030%2041745119\" dir=\"ltr\" style=\"color: currentcolor; text-decoration-color: rgba(128, 128, 128, 0.38); outline: none;\" x-apple-data-detectors=\"true\" x-apple-data-detectors-type=\"telephone\" x-apple-data-detectors-result=\"3\/1\">+49 30 41745119<\/a><\/p>\n<p style=\"font-size: 14px !important;\">Mail rechtsanwalt@allenstein.de<\/p>\n<p>\u00a9 2024 Rechtsanwalt Allenstein &nbsp; &nbsp;<\/p>\n<p><a href=\"http:\/\/www.allenstein.de\/?page_id=360\" style=\"outline: currentcolor none medium;\">Impressum<\/a><\/p>\n<p><a href=\"http:\/\/www.allenstein.de\/?page_id=354\" style=\"outline: none;\">Datenschutz<\/a><\/p>\n","protected":false},"excerpt":{"rendered":"<p>Steuerrecht Buchf\u00fchrung, Finanzamt und Mehr&#8230; Steuerrecht in Berlin (Charlottenburg) Die rechtliche Gestaltung hat erhebliche Auswirkungen auf die steuerlichen Belange des Unternehmens. Fehleinsch\u00e4tzungen, Unaufmerksamkeiten oder echte Fehler k\u00f6nnen gravierende Auswirkungen auf die steuerliche Belastung des Unternehmens oder Unternehmers haben. Korrekturen der zivilrechtlichen Gestaltung mit dem Ziel der Reparatur nicht ber\u00fccksichtigter steuerlicher Folgen k\u00f6nnen erneut unerw\u00fcnschte steuerliche&#8230;<\/p>\n","protected":false},"author":1,"featured_media":0,"parent":13,"menu_order":0,"comment_status":"closed","ping_status":"closed","template":"","meta":{"footnotes":""},"class_list":["post-76","page","type-page","status-publish","hentry"],"_links":{"self":[{"href":"https:\/\/www.allenstein.de\/index.php?rest_route=\/wp\/v2\/pages\/76"}],"collection":[{"href":"https:\/\/www.allenstein.de\/index.php?rest_route=\/wp\/v2\/pages"}],"about":[{"href":"https:\/\/www.allenstein.de\/index.php?rest_route=\/wp\/v2\/types\/page"}],"author":[{"embeddable":true,"href":"https:\/\/www.allenstein.de\/index.php?rest_route=\/wp\/v2\/users\/1"}],"replies":[{"embeddable":true,"href":"https:\/\/www.allenstein.de\/index.php?rest_route=%2Fwp%2Fv2%2Fcomments&post=76"}],"version-history":[{"count":30,"href":"https:\/\/www.allenstein.de\/index.php?rest_route=\/wp\/v2\/pages\/76\/revisions"}],"predecessor-version":[{"id":634,"href":"https:\/\/www.allenstein.de\/index.php?rest_route=\/wp\/v2\/pages\/76\/revisions\/634"}],"up":[{"embeddable":true,"href":"https:\/\/www.allenstein.de\/index.php?rest_route=\/wp\/v2\/pages\/13"}],"wp:attachment":[{"href":"https:\/\/www.allenstein.de\/index.php?rest_route=%2Fwp%2Fv2%2Fmedia&parent=76"}],"curies":[{"name":"wp","href":"https:\/\/api.w.org\/{rel}","templated":true}]}}