{"id":79,"date":"2018-09-16T16:24:37","date_gmt":"2018-09-16T16:24:37","guid":{"rendered":"http:\/\/allensteinlegal.com\/?page_id=79"},"modified":"2024-08-08T12:05:52","modified_gmt":"2024-08-08T12:05:52","slug":"wirtschaftsrecht","status":"publish","type":"page","link":"https:\/\/www.allenstein.de\/?page_id=79","title":{"rendered":"Wirtschaftsrecht"},"content":{"rendered":"<p><a data-id-d=\"1\" data-img-style=\"\"><img loading=\"lazy\" decoding=\"async\" src=\"https:\/\/www.allenstein.de\/wp-content\/uploads\/2018\/09\/Logotransparent.gif\" height=\"190\" width=\"600\" alt=\"\" style=\"\"><\/img><\/a><\/p>\n<h1><span style=\"font-weight: 400; font-family: &quot;Great Vibes&quot;;\"><\/span>Wirtschaftsrecht<\/h1>\n<p>Money makes the world go round<\/p>\n<\/p>\n<h2>Wirtschaftsrecht <em><span style=\"color: var(--tcb-color-6);\">in Berlin (Charlottenburg)<\/span><\/em><\/h2>\n<p>Unter Wirtschaftsrecht verstehen wir die klassischen Bet\u00e4tigungsfelder des wirtschaftlich t\u00e4tigen Unternehmers, n\u00e4mlich das Handels- und Gesellschaftsrecht und den gewerblichen Rechtsschutz.<\/p>\n<p><span style=\"width: 100%;\"><img loading=\"lazy\" decoding=\"async\" title=\"bild12\" style=\"\" alt=\"\" src=\"\/\/allensteinlegal.com\/wp-content\/uploads\/2020\/01\/bild12.jpg\" data-id=\"310\" mt-d=\"0\" ml-d=\"-1\" width=\"107\" height=\"80\"><\/span><\/p>\n<h4><strong>Handelsrecht<\/strong><\/h4>\n<p>Die Zeiten, in den sich der Unternehmer auf das Wort eines ehrbaren Kaufmannes uneingeschr\u00e4nkt verlassen konnte, sind vorbei. Dies liegt nicht nur daran, da\u00df die Produkte und die Anforderungen an deren Qualit\u00e4t komplexer geworden sind, sondern auch daran, da\u00df der globale wirtschaftliche Austausch Vertragspartner zueinander bringt, die aus unterschiedlichen Kulturkreisen mit unterschieldichen Rechtstraditionen stammen. Rechtsanwalt Allenstein hilft Ihnen dabei, im Wettbewerb zu bestehen, indem er Ihnen rechtzeitig, d.h. vor Vertragsschlu\u00df Chancen und Risiken aufzeigt und Sie bei der Vertragsgestaltung unterst\u00fctzt.<\/p>\n<p><span style=\"width: 100%;\"><img loading=\"lazy\" decoding=\"async\" title=\"bild10\" style=\"\" alt=\"\" src=\"\/\/allensteinlegal.com\/wp-content\/uploads\/2020\/01\/bild10.jpg\" data-id=\"513\" mt-d=\"0\" ml-d=\"-1\" width=\"107\" height=\"80\"><\/span><\/p>\n<h4><strong>Markenrecht<\/strong><\/h4>\n<p>Ihr Unternehmen hat Wiedererkennungswert und Sie m\u00f6chten die von Ihnen genutzten Zeichen sch\u00fctzen? Rechtsanwalt Allenstein meldet Ihre Marke an und unterst\u00fctzt Sie bei der Entwicklung eines markenrechtlichen Schutzkonzeptes.<\/p>\n<p><span style=\"width: 100%;\"><img loading=\"lazy\" decoding=\"async\" title=\"bild11\" style=\"\" alt=\"\" src=\"\/\/allensteinlegal.com\/wp-content\/uploads\/2020\/01\/bild11.jpg\" data-id=\"514\" mt-d=\"0\" ml-d=\"-1\" width=\"107\" height=\"80\"><\/span><\/p>\n<h4><strong>Urheberrecht<\/strong><\/h4>\n<p>Rechtsanwalt Allenstein hilft Ihnen, Ihr Werk vor unberechtigter Nachahmung zu sch\u00fctzen und unterst\u00fctzt Sie bei der wirtschaftlichen Verwertung Ihrer Idee.<\/p>\n<p><span style=\"width: 100%;\"><img loading=\"lazy\" decoding=\"async\" title=\"bild1\" style=\"\" alt=\"\" src=\"\/\/allensteinlegal.com\/wp-content\/uploads\/2020\/01\/bild1.jpg\" data-id=\"512\" mt-d=\"0\" ml-d=\"-1\" width=\"107\" height=\"80\"><\/span><\/p>\n<h4><strong>Gesellschaftsrecht<\/strong><\/h4>\n<p>Ebenso wichtig wie die steuerlichen Auswirkungen der gew\u00e4hlten Unternehmensgestaltung, sind die zivilrechtlichen Folgen, die die Festlegung auf eine Gesellschaftsform mit sich bringt. Rechtsanwalt Allenstein ber\u00e4t Sie bei der Auswahl der f\u00fcr Sie passenden Gesellschaftsform. Nicht immer ist die klassische GmbH die Gesellschaftsform der Wahl &#8211; das tats\u00e4chliche oder vermeintliche Haftungsrisiko mu\u00df mit dem wirtschaftlichen Aufwand zur Aufnahme des Gesch\u00e4ftsbetriebes korrespondieren. Rechtsanwalt Allenstein informiert Sie auch, mit welchen Chancen und Risiken Sie rechnen k\u00f6nnen, wenn Sie sich zur Gr\u00fcndung einer &#8222;Private Company Limited by Shares&#8220;, kurz Limited (Ltd.) nach angels\u00e4chsischem Recht entscheiden oder aufgrund des anstehenden Brexit \u00fcber eine Umwandlung nachdenken m\u00fcssen. Er steht gleicherma\u00dfen zur Verf\u00fcgung, egal ob Sie Rechtsanwalt Allenstein als Gesellschafter, Gesch\u00e4ftsf\u00fchrer oder Ver\u00e4u\u00dferer bzw. Erwerber eines Gesch\u00e4ftsanteils ansprechen.<\/p>\n<p><span style=\"width: 100%;\"><img loading=\"lazy\" decoding=\"async\" title=\"bild5\" style=\"\" alt=\"\" src=\"\/\/allensteinlegal.com\/wp-content\/uploads\/2020\/01\/bild5.jpg\" data-id=\"312\" mt-d=\"0\" ml-d=\"-1\" width=\"107\" height=\"80\"><\/span><\/p>\n<h4><strong>Wettbewerbsrecht<\/strong><\/h4>\n<p>Sie wurden abgemahnt oder m\u00f6chten das Verhalten eines Wettbewerbers beanstanden? Rechtsanwalt Allenstein kl\u00e4rt Sie \u00fcber die M\u00f6glichkeiten und Grenzen wettbewerbs-konformen Verhaltens auf und hilft Ihnen, die eigenen Rechte durchzusetzen oder unberechtigte Beanstandungen abzuwehren.<\/p>\n<p><span style=\"width: 100%;\"><img loading=\"lazy\" decoding=\"async\" title=\"062A8325\" style=\"\" alt=\"\" src=\"\/\/allensteinlegal.com\/wp-content\/uploads\/2020\/01\/062A8325-scaled.jpg\" data-id=\"304\" width=\"1707\" height=\"2560\"><\/span>Rechtsanwalt und Fachanwalt f\u00fcr Steuerrecht<span style=\"font-family: Times New Roman,Times,serif;\">Markus Roland Allenstein<\/span><\/p>\n<ul>\n<li>Studium an der Freien Universit\u00e4t Berlin mit Schwerpunkt im Gesellschaftsrecht, Steuerrecht und Bilanzrecht<\/li>\n<li>Referendariat im Bezirk des Kammergerichts Berlin mit Stationen bei der Deutschen Bank AG und beim Bundeskartellamt<\/li>\n<li>Selbst\u00e4ndiger Rechtsanwalt mit wirtschafts- und zivilrechtlicher Ausrichtung seit 1997<\/li>\n<li>Fachanwalt f\u00fcr Steuerrecht in Berlin (Charlottenburg)<\/li>\n<li>Lehrbeauftragter an der Hochschule f\u00fcr Wirtschaft und Recht in Berlin f\u00fcr mehrere Jahre<\/li>\n<\/ul>\n<h2>Kontakt<\/h2>\n<p>Wenn Sie rechtlichen oder steuerlichen Rat ben\u00f6tigen, kontaktieren Sie die Kanzlei Rechtsanwalt Allenstein in Berlin (Charlottenburg).<\/p>\n<\/p>\n<p><strong>Markus Roland Allenstein <\/strong>Rechtsanwalt<\/p>\n<p>Fachanwalt f\u00fcr Steuerrecht<\/p>\n<\/p>\n<p>Schillerstra\u00dfe 5<\/p>\n<p>10625 Berlin (Charlottenburg)<\/p>\n<\/p>\n<p style=\"font-size: 14px !important;\">Fon <a href=\"tel:+49%2030%2041745118\" dir=\"ltr\" style=\"color: currentcolor; text-decoration-color: rgba(128, 128, 128, 0.38); outline: none;\" x-apple-data-detectors=\"true\" x-apple-data-detectors-type=\"telephone\" x-apple-data-detectors-result=\"3\/0\">+49 30 41745118<\/a><\/p>\n<p style=\"font-size: 14px !important;\">Fax <a href=\"tel:+49%2030%2041745119\" dir=\"ltr\" style=\"color: currentcolor; text-decoration-color: rgba(128, 128, 128, 0.38); outline: none;\" x-apple-data-detectors=\"true\" x-apple-data-detectors-type=\"telephone\" x-apple-data-detectors-result=\"3\/1\">+49 30 41745119<\/a><\/p>\n<p style=\"font-size: 14px !important;\">Mail rechtsanwalt@allenstein.de<\/p>\n<p>\u00a9 2024 Rechtsanwalt Allenstein &nbsp; &nbsp;<\/p>\n<p><a href=\"http:\/\/www.allenstein.de\/?page_id=360\" style=\"outline: currentcolor none medium;\">Impressum<\/a><\/p>\n<p><a href=\"http:\/\/www.allenstein.de\/?page_id=354\" style=\"outline: none;\">Datenschutz<\/a><\/p>\n","protected":false},"excerpt":{"rendered":"<p>Wirtschaftsrecht Money makes the world go round Wirtschaftsrecht in Berlin (Charlottenburg) Unter Wirtschaftsrecht verstehen wir die klassischen Bet\u00e4tigungsfelder des wirtschaftlich t\u00e4tigen Unternehmers, n\u00e4mlich das Handels- und Gesellschaftsrecht und den gewerblichen Rechtsschutz. Handelsrecht Die Zeiten, in den sich der Unternehmer auf das Wort eines ehrbaren Kaufmannes uneingeschr\u00e4nkt verlassen konnte, sind vorbei. Dies liegt nicht nur daran,&#8230;<\/p>\n","protected":false},"author":1,"featured_media":0,"parent":13,"menu_order":1,"comment_status":"closed","ping_status":"closed","template":"","meta":{"footnotes":""},"class_list":["post-79","page","type-page","status-publish","hentry"],"_links":{"self":[{"href":"https:\/\/www.allenstein.de\/index.php?rest_route=\/wp\/v2\/pages\/79"}],"collection":[{"href":"https:\/\/www.allenstein.de\/index.php?rest_route=\/wp\/v2\/pages"}],"about":[{"href":"https:\/\/www.allenstein.de\/index.php?rest_route=\/wp\/v2\/types\/page"}],"author":[{"embeddable":true,"href":"https:\/\/www.allenstein.de\/index.php?rest_route=\/wp\/v2\/users\/1"}],"replies":[{"embeddable":true,"href":"https:\/\/www.allenstein.de\/index.php?rest_route=%2Fwp%2Fv2%2Fcomments&post=79"}],"version-history":[{"count":18,"href":"https:\/\/www.allenstein.de\/index.php?rest_route=\/wp\/v2\/pages\/79\/revisions"}],"predecessor-version":[{"id":636,"href":"https:\/\/www.allenstein.de\/index.php?rest_route=\/wp\/v2\/pages\/79\/revisions\/636"}],"up":[{"embeddable":true,"href":"https:\/\/www.allenstein.de\/index.php?rest_route=\/wp\/v2\/pages\/13"}],"wp:attachment":[{"href":"https:\/\/www.allenstein.de\/index.php?rest_route=%2Fwp%2Fv2%2Fmedia&parent=79"}],"curies":[{"name":"wp","href":"https:\/\/api.w.org\/{rel}","templated":true}]}}