{"id":82,"date":"2018-09-16T16:24:45","date_gmt":"2018-09-16T16:24:45","guid":{"rendered":"http:\/\/allensteinlegal.com\/?page_id=82"},"modified":"2024-08-08T12:08:08","modified_gmt":"2024-08-08T12:08:08","slug":"inkasso","status":"publish","type":"page","link":"https:\/\/www.allenstein.de\/?page_id=82","title":{"rendered":"Und mehr&#8230;"},"content":{"rendered":"<p><a data-id-d=\"1\" data-img-style=\"\"><img loading=\"lazy\" decoding=\"async\" src=\"https:\/\/www.allenstein.de\/wp-content\/uploads\/2018\/09\/Logotransparent.gif\" height=\"190\" width=\"600\" alt=\"\" style=\"\"><\/img><\/a><\/p>\n<h1><span style=\"font-weight: 400; font-family: &quot;Great Vibes&quot;;\"><\/span>Erg\u00e4nzende T\u00e4tigkeitsfelder<\/h1>\n<p style=\"\">Arbeitsrecht, Inkasso, Versicherungsrecht, Immobilienrecht, Erbrecht und mehr&#8230;<\/p>\n<h2>Mehr Recht <em><span style=\"color: var(--tcb-color-6);\">in Berlin (Charlottenburg)<\/span><\/em><\/h2>\n<p>Die rechtliche Beratung durch die Kanzlei Allenstein in Berlin (Charlottenburg) ist nicht beschr\u00e4nkt auf die Kernbereiche des unternehmerischen Beratungsbedarfes, sondern umfa\u00dft alle Beratungsfelder, die in kleinen und mittleren Unternehmen typischerweise anfallen. Rechtsanwalt Allenstein ber\u00e4t Sie beim klassischen Forderungseinzug (Inkassot\u00e4tigkeit, Vertretung im Insolvenzverfahren), im Arbeitsrecht, im Versicherungsrecht (einschlie\u00dflich des Sozialversicherungsrechts aus Unternehmerperspektive), im Immobilienrecht (Grundst\u00fccksrecht, Mietrecht), im Bereich der Unternehmensnachfolge (einschlie\u00dflich der Erbschafts- bzw. Schenkungssteuer) und bei der Testamentsgestaltung.<\/p>\n<\/p>\n<p><span style=\"width: 100%;\"><img loading=\"lazy\" decoding=\"async\" title=\"bild1\" style=\"\" alt=\"\" src=\"\/\/allensteinlegal.com\/wp-content\/uploads\/2020\/01\/bild1.jpg\" data-id=\"512\" mt-d=\"0\" ml-d=\"-2\" width=\"107\" height=\"80\"><\/span><\/p>\n<h4><strong>Forderungseinzug<\/strong><\/h4>\n<p>Forderungsmanagement ist f\u00fcr den Erfolg eines Unternehmens in Zeiten schlechter Zahlungsmoral und steigender Insolvenzzahlen fast ebenso wichtig, wie Marketing und Umsatz. Nat\u00fcrlich kann ein geschicktes Forderungsmanagement Sie nicht vor Forderungsausf\u00e4llen bewahren. Es hilft aber, Ausf\u00e4lle zu reduzieren, Risiken fr\u00fchzeitig zu erkennen und Au\u00dfenst\u00e4nde \u00fcbersichtlich im Blick zu behalten. Rechtsanwalt Allenstein f\u00fchrt seit Jahren Inkassot\u00e4tigkeit f\u00fcr \u00c4rzte im Bereich der Privatliquidation durch. Inkassot\u00e4tigkeit erfordert Geschick und Hartn\u00e4ckigkeit. Oft versuchen Schuldner unterzutauchen oder Ihre Verm\u00f6gensverh\u00e4ltnisse zu verschleiern. Wenn Sie die Kanzlei Allenstein in Berlin (Charlottenburg) beauftragen, haben Sie Ihre Leistung ordnungsgem\u00e4\u00df abgerechnet und bereits einmal den Ausgleich Ihrer Forderung angemahnt. Die \u00dcbermittlung der erforderlichen Daten zum Forderungseinzug an die Kanzlei Allenstein erfolgt standardisiert. \u00dcber den Erfolg der T\u00e4tigkeit werden Sie regelm\u00e4\u00dfig auf dem laufenden gehalten.<\/p>\n<p><span style=\"width: 100%;\"><img loading=\"lazy\" decoding=\"async\" title=\"bild10\" style=\"\" alt=\"\" src=\"\/\/allensteinlegal.com\/wp-content\/uploads\/2020\/01\/bild10.jpg\" data-id=\"513\" mt-d=\"0\" ml-d=\"-2\" width=\"107\" height=\"80\"><\/span><\/p>\n<h4><strong>Arbeitsrecht<\/strong><\/h4>\n<p style=\"font-size: 14px !important;\">Der Erfolg eines Unternehmens steht und f\u00e4llt mit den Besch\u00e4ftigten. Nicht immer sind sich Arbeitgeber und Arbeitnehmer einig \u00fcber den Umgang miteinander und die gegenseiten Rechte und Pflichten. Fehleinsch\u00e4tzungen und Mythen einerseits stehen einer immer komplexer werdenden gesetzlichen Materie andererseits gegen\u00fcber, die dar\u00fcber hinaus durch zuweilen \u00fcberraschende Ideen des Bundesarbeitsgerichts und des Europ\u00e4ischen Gerichtshofes erg\u00e4nzt wird. Rechtsanwalt Allenstein kl\u00e4rt Sie \u00fcber die Rechtslage auf, gibt Handlungsempfehlungen f\u00fcr den Umgang im Unternehmen und entwirft Ihren Standardarbeitsvertrag. Kommt es doch zum Streit vertritt Sie Rechtsanwalt Allenstein im gerichtlichen Verfahren vor dem Arbeitsgericht, Landesarbeitsgericht oder Bundesarbeitsgericht.<\/p>\n<p><span style=\"width: 100%;\"><img loading=\"lazy\" decoding=\"async\" title=\"062A8325\" style=\"\" alt=\"\" src=\"\/\/allensteinlegal.com\/wp-content\/uploads\/2020\/01\/062A8325-scaled.jpg\" data-id=\"304\" width=\"1707\" height=\"2560\"><\/span>Rechtsanwalt und Fachanwalt f\u00fcr Steuerrecht<span style=\"font-family: Times New Roman,Times,serif;\">Markus Roland Allenstein<\/span><\/p>\n<ul>\n<li>Studium an der Freien Universit\u00e4t Berlin mit Schwerpunkt im Gesellschaftsrecht, Steuerrecht und Bilanzrecht<\/li>\n<li>Referendariat im Bezirk des Kammergerichts Berlin mit Stationen bei der Deutschen Bank AG und beim Bundeskartellamt<\/li>\n<li>Selbst\u00e4ndiger Rechtsanwalt mit wirtschafts- und zivilrechtlicher Ausrichtung seit 1997<\/li>\n<li>Fachanwalt f\u00fcr Steuerrecht in Berlin (Charlottenburg)<\/li>\n<li>Lehrbeauftragter an der Hochschule f\u00fcr Wirtschaft und Recht in Berlin f\u00fcr mehrere Jahre<\/li>\n<\/ul>\n<h2>Kontakt<\/h2>\n<p>Wenn Sie rechtlichen oder steuerlichen Rat ben\u00f6tigen, kontaktieren Sie die Kanzlei Rechtsanwalt Allenstein in Berlin (Charlottenburg).<\/p>\n<\/p>\n<p><strong>Markus Roland Allenstein <\/strong>Rechtsanwalt<\/p>\n<p>Fachanwalt f\u00fcr Steuerrecht<\/p>\n<\/p>\n<p>Schillerstra\u00dfe 5<\/p>\n<p>10625 Berlin (Charlottenburg)<\/p>\n<\/p>\n<p style=\"font-size: 14px !important;\">Fon <a href=\"tel:+49%2030%2041745118\" dir=\"ltr\" style=\"color: currentcolor; text-decoration-color: rgba(128, 128, 128, 0.38); outline: none;\" x-apple-data-detectors=\"true\" x-apple-data-detectors-type=\"telephone\" x-apple-data-detectors-result=\"3\/0\">+49 30 41745118<\/a><\/p>\n<p style=\"font-size: 14px !important;\">Fax <a href=\"tel:+49%2030%2041745119\" dir=\"ltr\" style=\"color: currentcolor; text-decoration-color: rgba(128, 128, 128, 0.38); outline: none;\" x-apple-data-detectors=\"true\" x-apple-data-detectors-type=\"telephone\" x-apple-data-detectors-result=\"3\/1\">+49 30 41745119<\/a><\/p>\n<p style=\"font-size: 14px !important;\">Mail rechtsanwalt@allenstein.de<\/p>\n<p>\u00a9 2024 Rechtsanwalt Allenstein &nbsp; &nbsp;<\/p>\n<p><a href=\"http:\/\/www.allenstein.de\/?page_id=360\" style=\"outline: currentcolor none medium;\">Impressum<\/a><\/p>\n<p><a href=\"http:\/\/www.allenstein.de\/?page_id=354\" style=\"outline: none;\">Datenschutz<\/a><\/p>\n","protected":false},"excerpt":{"rendered":"<p>Erg\u00e4nzende T\u00e4tigkeitsfelder Arbeitsrecht, Inkasso, Versicherungsrecht, Immobilienrecht, Erbrecht und mehr&#8230; Mehr Recht in Berlin (Charlottenburg) Die rechtliche Beratung durch die Kanzlei Allenstein in Berlin (Charlottenburg) ist nicht beschr\u00e4nkt auf die Kernbereiche des unternehmerischen Beratungsbedarfes, sondern umfa\u00dft alle Beratungsfelder, die in kleinen und mittleren Unternehmen typischerweise anfallen. Rechtsanwalt Allenstein ber\u00e4t Sie beim klassischen Forderungseinzug (Inkassot\u00e4tigkeit, Vertretung im&#8230;<\/p>\n","protected":false},"author":1,"featured_media":0,"parent":13,"menu_order":3,"comment_status":"closed","ping_status":"closed","template":"","meta":{"footnotes":""},"class_list":["post-82","page","type-page","status-publish","hentry"],"_links":{"self":[{"href":"https:\/\/www.allenstein.de\/index.php?rest_route=\/wp\/v2\/pages\/82"}],"collection":[{"href":"https:\/\/www.allenstein.de\/index.php?rest_route=\/wp\/v2\/pages"}],"about":[{"href":"https:\/\/www.allenstein.de\/index.php?rest_route=\/wp\/v2\/types\/page"}],"author":[{"embeddable":true,"href":"https:\/\/www.allenstein.de\/index.php?rest_route=\/wp\/v2\/users\/1"}],"replies":[{"embeddable":true,"href":"https:\/\/www.allenstein.de\/index.php?rest_route=%2Fwp%2Fv2%2Fcomments&post=82"}],"version-history":[{"count":24,"href":"https:\/\/www.allenstein.de\/index.php?rest_route=\/wp\/v2\/pages\/82\/revisions"}],"predecessor-version":[{"id":638,"href":"https:\/\/www.allenstein.de\/index.php?rest_route=\/wp\/v2\/pages\/82\/revisions\/638"}],"up":[{"embeddable":true,"href":"https:\/\/www.allenstein.de\/index.php?rest_route=\/wp\/v2\/pages\/13"}],"wp:attachment":[{"href":"https:\/\/www.allenstein.de\/index.php?rest_route=%2Fwp%2Fv2%2Fmedia&parent=82"}],"curies":[{"name":"wp","href":"https:\/\/api.w.org\/{rel}","templated":true}]}}